{"id":2250,"date":"2019-09-05T11:44:51","date_gmt":"2019-09-05T09:44:51","guid":{"rendered":"http:\/\/onza.tv\/?page_id=2250"},"modified":"2023-02-02T19:04:11","modified_gmt":"2023-02-02T18:04:11","slug":"quienes-somos","status":"publish","type":"page","link":"https:\/\/onza.tv\/en\/quienes-somos\/","title":{"rendered":"WHO ARE WE?"},"content":{"rendered":"<section class=\"content intro\" ><div class=\"container\"><div class=\"vc_row wpb_row vc_row-fluid\"><div class=\"wpb_column vc_column_container vc_col-sm-12\"><div class=\"vc_column-inner\"><div class=\"wpb_wrapper\">\n        <div class=\"brabus-intro-wrapper\" wow fadein\">\n                            <h6>WHO ARE WE?<\/h6>\n            \n                            <h2 data-text=\"somos\">El talento creativo est\u00e1 en el centro de todos nuestros proyectos<\/h2>\n                    <\/div>\n\t\t<div class=\"vc_row wpb_row vc_inner vc_row-fluid\"><div class=\"wpb_column vc_column_container vc_col-sm-5\"><div class=\"vc_column-inner\"><div class=\"wpb_wrapper\">\t\t<div class=\"brabus-text-block wow fadeIn\" >\n\t\t\t<p>NOS SENTIMOS AFORTUNADOS POR HACER LO QUE NOS GUSTA.<\/p>\n<p>Apostamos decididamente por las personas y nos rodeamos siempre de los mejores profesionales. Somos la casa donde el talento transforma las mejores ideas en contenidos de calidad.<\/p>\n\n            \t\t<\/div>\n\t\t<\/div><\/div><\/div><div class=\"wpb_column vc_column_container vc_col-sm-7\"><div class=\"vc_column-inner\"><div class=\"wpb_wrapper\">\t\t<div class=\"brabus-text-block wow fadeIn\" data-wow-delay=\"0.01s\">\n\t\t\t<p>En nuestros 6 a\u00f1os de actividad, hemos dado vida a grandes proyectos de ficci\u00f3n como EL <b>MINISTERIO DEL TIEMPO<\/b>, una de las series m\u00e1s premiadas de la historia de la televisi\u00f3n espa\u00f1ola, <b>PEQUE\u00d1AS COINCIDENCIAS<\/b>, primera serie producida en Espa\u00f1a para Amazon Prime Video, o <b>HERN\u00c1N CORT\u00c9S<\/b>, la mayor producci\u00f3n de una serie en espa\u00f1ol; as\u00ed como factuals de \u00e9xito como <b>CONTROL DE FRONTERAS <\/b>(Dmax) o <b>FUERA DE COBERTURA <\/b>(Cuatro); y contenidos de entretenimiento como <b>DONDE COMEN DOS <\/b>(TVE).<\/p>\n\n                            <div class=\"custom-link wow fadeIn\">\n                    <a href=\"#\" title=\"READ TO LEARN\">\n                        <div class=\"lines\"> <span><\/span> <span><\/span> <\/div>\n                        <b>READ TO LEARN<\/b>\n                    <\/a>\n                <\/div>\n            \t\t<\/div>\n\t\t<\/div><\/div><\/div><\/div><\/div><\/div><\/div><\/div><\/div><\/section><section class=\"content services-content-block\" style=\"background-color: #ffffff;\"><div class=\"container\"><div class=\"vc_row wpb_row vc_row-fluid vc_custom_1567676642605 vc_row-has-fill\"><div class=\"wpb_column vc_column_container vc_col-sm-12 vc_col-has-fill\"><div class=\"vc_column-inner vc_custom_1567676624662\"><div class=\"wpb_wrapper\"><div class=\"vc_row wpb_row vc_inner vc_row-fluid vc_custom_1567676632059 vc_row-has-fill\"><div class=\"wpb_column vc_column_container vc_col-sm-4\"><div class=\"vc_column-inner\"><div class=\"wpb_wrapper\"><\/div><\/div><\/div><div class=\"wpb_column vc_column_container vc_col-sm-4\"><div class=\"vc_column-inner\"><div class=\"wpb_wrapper\"><\/div><\/div><\/div><div class=\"wpb_column vc_column_container vc_col-sm-4\"><div class=\"vc_column-inner\"><div class=\"wpb_wrapper\"><\/div><\/div><\/div><\/div><\/div><\/div><\/div><\/div><\/div><\/section>","protected":false},"excerpt":{"rendered":"","protected":false},"author":2,"featured_media":0,"parent":0,"menu_order":0,"comment_status":"closed","ping_status":"closed","template":"page-builder.php","meta":{"_monsterinsights_skip_tracking":false,"_monsterinsights_sitenote_active":false,"_monsterinsights_sitenote_note":"","_monsterinsights_sitenote_category":0,"footnotes":""},"class_list":["post-2250","page","type-page","status-publish","hentry"],"yoast_head":"<!-- This site is optimized with the Yoast SEO plugin v24.3 - https:\/\/yoast.com\/wordpress\/plugins\/seo\/ -->\n<title>QUI\u00c9NES SOMOS - Onza<\/title>\n<meta name=\"robots\" content=\"index, follow, max-snippet:-1, max-image-preview:large, max-video-preview:-1\" \/>\n<link rel=\"canonical\" href=\"https:\/\/onza.tv\/en\/quienes-somos\/\" \/>\n<meta property=\"og:locale\" content=\"en_US\" \/>\n<meta property=\"og:type\" content=\"article\" \/>\n<meta property=\"og:title\" content=\"QUI\u00c9NES SOMOS - Onza\" \/>\n<meta property=\"og:url\" content=\"https:\/\/onza.tv\/en\/quienes-somos\/\" \/>\n<meta property=\"og:site_name\" content=\"Onza\" \/>\n<meta property=\"article:modified_time\" content=\"2023-02-02T18:04:11+00:00\" \/>\n<meta name=\"twitter:card\" content=\"summary_large_image\" \/>\n<meta name=\"twitter:label1\" content=\"Est. reading time\" \/>\n\t<meta name=\"twitter:data1\" content=\"1 minute\" \/>\n<script type=\"application\/ld+json\" class=\"yoast-schema-graph\">{\"@context\":\"https:\/\/schema.org\",\"@graph\":[{\"@type\":\"WebPage\",\"@id\":\"https:\/\/onza.tv\/quienes-somos\/\",\"url\":\"https:\/\/onza.tv\/quienes-somos\/\",\"name\":\"QUI\u00c9NES SOMOS - Onza\",\"isPartOf\":{\"@id\":\"https:\/\/onza.tv\/#website\"},\"datePublished\":\"2019-09-05T09:44:51+00:00\",\"dateModified\":\"2023-02-02T18:04:11+00:00\",\"breadcrumb\":{\"@id\":\"https:\/\/onza.tv\/quienes-somos\/#breadcrumb\"},\"inLanguage\":\"en-US\",\"potentialAction\":[{\"@type\":\"ReadAction\",\"target\":[\"https:\/\/onza.tv\/quienes-somos\/\"]}]},{\"@type\":\"BreadcrumbList\",\"@id\":\"https:\/\/onza.tv\/quienes-somos\/#breadcrumb\",\"itemListElement\":[{\"@type\":\"ListItem\",\"position\":1,\"name\":\"Portada\",\"item\":\"https:\/\/onza.tv\/\"},{\"@type\":\"ListItem\",\"position\":2,\"name\":\"QUI\u00c9NES SOMOS\"}]},{\"@type\":\"WebSite\",\"@id\":\"https:\/\/onza.tv\/#website\",\"url\":\"https:\/\/onza.tv\/\",\"name\":\"Onza\",\"description\":\"Productora y distribuidora de ficci\u00f3n y entretenimiento.\",\"potentialAction\":[{\"@type\":\"SearchAction\",\"target\":{\"@type\":\"EntryPoint\",\"urlTemplate\":\"https:\/\/onza.tv\/?s={search_term_string}\"},\"query-input\":{\"@type\":\"PropertyValueSpecification\",\"valueRequired\":true,\"valueName\":\"search_term_string\"}}],\"inLanguage\":\"en-US\"}]}<\/script>\n<!-- \/ Yoast SEO plugin. -->","yoast_head_json":{"title":"QUI\u00c9NES SOMOS - Onza","robots":{"index":"index","follow":"follow","max-snippet":"max-snippet:-1","max-image-preview":"max-image-preview:large","max-video-preview":"max-video-preview:-1"},"canonical":"https:\/\/onza.tv\/en\/quienes-somos\/","og_locale":"en_US","og_type":"article","og_title":"QUI\u00c9NES SOMOS - Onza","og_url":"https:\/\/onza.tv\/en\/quienes-somos\/","og_site_name":"Onza","article_modified_time":"2023-02-02T18:04:11+00:00","twitter_card":"summary_large_image","twitter_misc":{"Est. reading time":"1 minute"},"schema":{"@context":"https:\/\/schema.org","@graph":[{"@type":"WebPage","@id":"https:\/\/onza.tv\/quienes-somos\/","url":"https:\/\/onza.tv\/quienes-somos\/","name":"QUI\u00c9NES SOMOS - Onza","isPartOf":{"@id":"https:\/\/onza.tv\/#website"},"datePublished":"2019-09-05T09:44:51+00:00","dateModified":"2023-02-02T18:04:11+00:00","breadcrumb":{"@id":"https:\/\/onza.tv\/quienes-somos\/#breadcrumb"},"inLanguage":"en-US","potentialAction":[{"@type":"ReadAction","target":["https:\/\/onza.tv\/quienes-somos\/"]}]},{"@type":"BreadcrumbList","@id":"https:\/\/onza.tv\/quienes-somos\/#breadcrumb","itemListElement":[{"@type":"ListItem","position":1,"name":"Portada","item":"https:\/\/onza.tv\/"},{"@type":"ListItem","position":2,"name":"QUI\u00c9NES SOMOS"}]},{"@type":"WebSite","@id":"https:\/\/onza.tv\/#website","url":"https:\/\/onza.tv\/","name":"Onza","description":"Productora y distribuidora de ficci\u00f3n y entretenimiento.","potentialAction":[{"@type":"SearchAction","target":{"@type":"EntryPoint","urlTemplate":"https:\/\/onza.tv\/?s={search_term_string}"},"query-input":{"@type":"PropertyValueSpecification","valueRequired":true,"valueName":"search_term_string"}}],"inLanguage":"en-US"}]}},"_links":{"self":[{"href":"https:\/\/onza.tv\/en\/wp-json\/wp\/v2\/pages\/2250"}],"collection":[{"href":"https:\/\/onza.tv\/en\/wp-json\/wp\/v2\/pages"}],"about":[{"href":"https:\/\/onza.tv\/en\/wp-json\/wp\/v2\/types\/page"}],"author":[{"embeddable":true,"href":"https:\/\/onza.tv\/en\/wp-json\/wp\/v2\/users\/2"}],"replies":[{"embeddable":true,"href":"https:\/\/onza.tv\/en\/wp-json\/wp\/v2\/comments?post=2250"}],"version-history":[{"count":9,"href":"https:\/\/onza.tv\/en\/wp-json\/wp\/v2\/pages\/2250\/revisions"}],"predecessor-version":[{"id":3496,"href":"https:\/\/onza.tv\/en\/wp-json\/wp\/v2\/pages\/2250\/revisions\/3496"}],"wp:attachment":[{"href":"https:\/\/onza.tv\/en\/wp-json\/wp\/v2\/media?parent=2250"}],"curies":[{"name":"wp","href":"https:\/\/api.w.org\/{rel}","templated":true}]}}