{"id":3095,"date":"2022-06-27T18:23:16","date_gmt":"2022-06-27T16:23:16","guid":{"rendered":"https:\/\/onza.tv\/?page_id=3095"},"modified":"2022-09-05T11:04:13","modified_gmt":"2022-09-05T09:04:13","slug":"aviso-legal","status":"publish","type":"page","link":"https:\/\/onza.tv\/en\/aviso-legal\/","title":{"rendered":"LEGAL NOTICE"},"content":{"rendered":"<h2><a name=\"_Toc106618470\"><\/a>LEGAL NOTICE<\/h2>\n<p style=\"font-weight: 100;\" align=\"justify\">Este sitio web es propiedad de ONZA ENTERTAINMENT, S.L., sociedad espa\u00f1ola con n\u00famero de identificaci\u00f3n fiscal B-86731866 y domicilio en Calle Suero de Qui\u00f1ones, 38, 1\u00ba, 28002 Madrid (Espa\u00f1a), inscrita en el Registro Mercantil de Madrid al Tomo 31.016, Folio 152, Hoja n\u00famero M-558302 (en adelante, \u201cOnza\u201d). Puede contactar con Onza a trav\u00e9s de info@onza.tv.<\/p>\n<p style=\"font-weight: 100;\" align=\"justify\">Access to and browsing of this website imply the user\u2019s acceptance of these conditions, which may be modified or replaced by their owner at any point and without prior notice.<\/p>\n<p style=\"padding-left: 40px;\"><strong>1.- CONDICIONES GENERALES DE USO<\/strong><\/p>\n<p style=\"font-weight: 100;\" align=\"justify\">The following General Conditions regulate the use of and access to Onza\u2019s website, where the user may access information, images, news, videos and other items related to Onza and its activities.<\/p>\n<p style=\"padding-left: 40px;\"><strong>2.- OBLIGACIONES GENERALES DEL USUARIO\u00a0<\/strong><\/p>\n<p style=\"font-weight: 100;\" align=\"justify\">The user, by accepting the following general conditions of use, expressly undertakes to i) not carry out any actions aimed at prejudicing, blocking, harming, disabling, overloading, temporarily or definitively, the functions, tools, content and\/or infrastructure of the website, such that it impedes its normal use and ii) not to use any of the material or information contained on this website for illicit purposes or those that are expressly prohibited in these general conditions.<\/p>\n<p style=\"font-weight: 100;\" align=\"justify\">The user shall be liable for any harm or prejudice caused, of any kind, that Onza or any third party may suffer as a result of the non-compliance with the obligations they undertake by visiting the website.<\/p>\n<p style=\"padding-left: 40px;\"><strong>3.- PROPIEDAD INTELECTUAL E INDUSTRIAL\u00a0<\/strong><\/p>\n<p style=\"font-weight: 100;\" align=\"justify\">The website, the pages that comprise it and the information or items contained on it (including texts, photographs, drawings, logos, audiovisual material, brands or other trademarks) are protected by intellectual and industrial property rights and Onza either owns them or has authorisation for their use and public communication.<\/p>\n<p style=\"font-weight: 100;\" align=\"justify\">This website is protected by Spanish and international intellectual and industrial property law, therefore the reproduction, distribution, public communication, provision or transformation of any of the items that comprise it, and in particular its texts, images, brands, videos, graphics, logos, buttons, software files and colour combinations, as well as the structure, selection, order and presentation of its contents, is prohibited, without prejudice to the rights that third parties may have to the items on the website.<\/p>\n<p style=\"font-weight: 100;\" align=\"justify\">Therefore, the reproduction, broadcast, copy, publishing, provision or radio broadcast, total or partial, of the information contained on this website, is prohibited, whatever the reason and the means used to do so.<\/p>\n<p style=\"font-weight: 100;\" align=\"justify\">Si consideras que tus derechos de propiedad intelectual, industrial o de imagen est\u00e1n siendo vulnerados en nuestra web, por favor, ponte en contacto con nosotros en el correo electr\u00f3nico: <a href=\"mailto:info@onza.tv\"><span style=\"color: #339966;\"><strong>info@onza.tv<\/strong><\/span><\/a>.<\/p>\n<p style=\"padding-left: 40px;\"><strong>4.- ENLACES<\/strong><\/p>\n<p style=\"font-weight: 100;\" align=\"justify\">Any connections and links to third-party websites or webpages have been created solely for the use of the user, and Onza assumes no liability whatsoever for such content. Such links or mentions are exclusively informative and in no case do they imply support, approval, marketing or any relationship between Onza and the people or entities who author and\/or manage such content or the owners of the websites on which it is found.<\/p>\n<p style=\"font-weight: 100;\" align=\"justify\">In order to link to this website from an external website Onza\u2019s express written authorisation is required.<\/p>\n<p style=\"padding-left: 40px;\"><strong>5.- RESPONSABILIDAD<\/strong><\/p>\n<p style=\"font-weight: 100;\" align=\"justify\">Onza does not guarantee continued access, or the correct visualisation, download or use of the items and information contained on this website, which may be impeded, hindered or interrupted by factors or circumstances that are beyond its control.<\/p>\n<p style=\"font-weight: 100;\" align=\"justify\">Onza assumes no liability whatsoever for any harm, prejudice, loss, claims or expenses produced by:<\/p>\n<p style=\"font-weight: 100; padding-left: 40px;\" align=\"justify\">(i) Interferences, interruptions, failures, omissions, delays, crashes or disconnections caused by errors in the telecommunications lines and networks or for any other reason beyond Onza\u2019s control.<\/p>\n<p style=\"font-weight: 100; padding-left: 40px;\" align=\"justify\">(ii) Unlawful interference by means of the use of malicious software and through any means of communication, such as computer viruses and any others;<\/p>\n<p style=\"font-weight: 100; padding-left: 40px;\" align=\"justify\">(iii) Undue or unsuitable use of Onza\u2019s website.<\/p>\n<p style=\"font-weight: 100; padding-left: 40px;\" align=\"justify\">(iv) Security or browsing errors produced by a browser malfunction or the use of out of date versions.<\/p>\n<p style=\"font-weight: 100;\" align=\"justify\">Onza assumes no liability whatsoever for the actions of third parties that may constitute illegal infractions due to the unauthorised access, transmission, distribution, storage, provision, receipt or attainment of the content of this website.<\/p>\n<p style=\"padding-left: 40px;\"><strong>6.- LEGISLACI\u00d3N<\/strong><\/p>\n<p style=\"font-weight: 100;\" align=\"justify\">This Legal Notice shall be governed and interpreted in accordance with Spanish legislation. The user, by merely accessing the website, grants their consent for the default competent courts to know of any legal action derived from or related to these conditions, or to their use of this website.<\/p>\n<p>&nbsp;<\/p>\n<h2><a name=\"_Toc106618471\"><\/a>POL\u00cdTICA DE PRIVACIDAD<\/h2>\n<p style=\"font-weight: 100;\" align=\"justify\">Bienvenido al sitio de Internet www.onza.tv (en adelante, el \u201c<strong>Sitio Web<\/strong>\u201d). Siguiendo los principios de licitud, lealtad y transparencia, ponemos a su disposici\u00f3n la presente Pol\u00edtica de Privacidad, en la que se facilita la informaci\u00f3n relativa al tratamiento de datos personales que ONZA ENTERTAINMENT, S.L. <span style=\"text-decoration: underline;\">podr\u00e1 efectuar en el desarrollo de su actividad<\/span>.<\/p>\n<p style=\"font-weight: 100;\" align=\"justify\"><span style=\"text-decoration: underline;\"><em>(*) IMPORTANTE:\u00a0 no se recaban datos personales a trav\u00e9s del Sitio Web, salvo en materia de cookies, para lo que remitimos a la <a href=\"https:\/\/onza.tv\/en\/politica-de-cookies\/\"><span style=\"color: #339966; text-decoration: underline;\"><strong>Pol\u00edtica de Cookies<\/strong><\/span><\/a><\/em><\/span>.<\/p>\n<p><strong>RESPONSABLE DEL TRATAMIENTO DE DATOS PERSONALES<\/strong><\/p>\n<p style=\"padding-left: 40px; font-weight: 100;\">ONZA ENTERTAINMENT, S.L. (\u201cOnza\u201d)<\/p>\n<p style=\"padding-left: 40px; font-weight: 100;\">B86731866<\/p>\n<p style=\"padding-left: 40px; font-weight: 100;\">Calle Suero de Qui\u00f1ones, 38 1\u00ba, 28002 \u2013 Madrid<\/p>\n<p style=\"padding-left: 40px; font-weight: 100;\">Inscrita en el registro mercantil de Madrid, al tomo 31.016, folio 152, hoja M-558302<\/p>\n<p style=\"padding-left: 40px; font-weight: 100;\">info@onza.tv<\/p>\n<p style=\"font-weight: 100;\" align=\"justify\"><span style=\"text-decoration: underline;\">Onza<\/span> asume el compromiso de garantizar la privacidad de la persona f\u00edsica cuyos datos personales sean objeto de tratamiento por parte de Onza (en adelante, el\/los \u201c<strong>Interesado(s)<\/strong>\u201d), y en las interacciones con aqu\u00e9l. Onza asume, asimismo, el compromiso de no recabar informaci\u00f3n innecesaria sobre el Interesado.<\/p>\n<p><strong>OBTENCI\u00d3N DE DATOS PERSONALES, QU\u00c9 INFORMACI\u00d3N TRATAMOS Y C\u00d3MO LA TRATAMOS<\/strong><\/p>\n<p style=\"font-weight: 100;\" align=\"justify\"><span style=\"text-decoration: underline;\">Onza podr\u00e1 recabar datos personales de los Interesados en el desarrollo de su actividad con ocasi\u00f3n de que exista una relaci\u00f3n comercial\/laboral con el Interesado, por la existencia de procesos de selecci\u00f3n y\/o porque el Interesado contacte con nosotros.<\/span><\/p>\n<p style=\"font-weight: 100;\" align=\"justify\"><span style=\"text-decoration: underline;\"><a name=\"_Toc477506925\"><\/a><a name=\"_Toc477433900\"><\/a>Los datos personales de los Interesados ser\u00e1n tratados con el m\u00e1ximo celo y confidencialidad por todo el personal que intervenga en cualquiera de las fases del tratamiento.<\/span><\/p>\n<p><strong>FINALIDAD DE LA RECOGIDA Y TRATAMIENTO DE SUS DATOS PERSONALES<\/strong><\/p>\n<p style=\"font-weight: 100;\" align=\"justify\">Onza podr\u00e1 tratar datos personales de los Interesados con la finalidad de:<\/p>\n<ul>\n<li>\n<p style=\"font-weight: 100;\">Gestionar y poder ejecutar la relaci\u00f3n contractual o comercial con Onza.<\/p>\n<\/li>\n<\/ul>\n<p style=\"font-weight: 100; padding-left: 40px;\" align=\"justify\">La base legal para el tratamiento de los datos personales para esta finalidad es la ejecuci\u00f3n de un contrato.<\/p>\n<p style=\"font-weight: 100; padding-left: 40px;\" align=\"justify\">En este marco, Onza podr\u00e1 tambi\u00e9n usar sus datos para el env\u00edo de comunicaciones comerciales por medios electr\u00f3nicos relativas a los productos y servicios de Onza. Lo anterior, amparado en la normativa vigente. La base legal para el tratamiento de los datos personales para esta finalidad es el inter\u00e9s leg\u00edtimo de Onza o, en su caso, el consentimiento.<\/p>\n<p style=\"font-weight: 100; padding-left: 40px;\" align=\"justify\">No obstante lo anterior, antes del uso de datos personales para esta finalidad, se permitir\u00e1 al Interesado oponerse al tratamiento de sus datos para esta finalidad. Asimismo, el Interesado en todo momento podr\u00e1 solicitar que Onza cese en el env\u00edo de estas comunicaciones sin necesidad de cancelar sus datos personales. A tales efectos, Onza facilitar\u00e1 al Interesado en cada comunicaci\u00f3n un procedimiento sencillo y gratuito que permita al Interesado oponerse al tratamiento de sus datos para esta finalidad.<\/p>\n<ul>\n<li>\n<p style=\"font-weight: 100;\" align=\"justify\">Para dar respuesta a una consulta planteada a trav\u00e9s de las v\u00edas de comunicaci\u00f3n puesta a disposici\u00f3n por Onza a estos efectos.<\/p>\n<\/li>\n<\/ul>\n<p style=\"font-weight: 100; padding-left: 40px;\" align=\"justify\">La base legal para el tratamiento de los datos personales para esta finalidad es el consentimiento del Interesado.<\/p>\n<ul>\n<li>\n<p style=\"font-weight: 100;\">Evaluar una candidatura para un puesto en Onza.<\/p>\n<\/li>\n<\/ul>\n<p style=\"font-weight: 100; padding-left: 40px;\" align=\"justify\">La base legal para el tratamiento de los datos personales para esta finalidad es el consentimiento del Interesado.<\/p>\n<p style=\"font-weight: 100;\" align=\"justify\">Onza \u00fanicamente recaba aquellos datos personales necesarios para el cumplimiento de los fines anteriormente descritos.<\/p>\n<p><strong>CALIDAD DE LOS DATOS FACILITADOS<\/strong><\/p>\n<p style=\"font-weight: 100;\" align=\"justify\">El Interesado garantiza (i) que tiene capacidad de obrar de acuerdo con la legislaci\u00f3n aplicable en cada momento, (ii) que los datos personales facilitados le pertenecen, y (iii) que no est\u00e1 revelando datos de ning\u00fan tercero.<\/p>\n<p style=\"font-weight: 100;\" align=\"justify\">Asimismo, garantiza que los datos facilitados son verdaderos, exactos, completos y actualizados, siendo el Interesado el \u00fanico responsable de cualquier da\u00f1o y perjuicio generado como consecuencia del incumplimiento de tal garant\u00eda, eximiendo, en todo caso, de responsabilidad a Onza.<\/p>\n<p><strong>TIEMPO DE CONSERVACI\u00d3N DE LOS DATOS PERSONALES<\/strong><\/p>\n<p style=\"font-weight: 100;\" align=\"justify\">Los datos personales que el Interesado haya confiado a Onza ser\u00e1n conservados durante el tiempo estrictamente necesario para los fines para los que hayan sido recabados, siempre y cuando el consentimiento no haya sido revocado -cuando el tratamiento de datos personales est\u00e9 basado en el consentimiento-. No obstante, aun transcurrido el citado tiempo o producida la revocaci\u00f3n del consentimiento, Onza podr\u00e1 conservar los datos personales para atender las responsabilidades que se pudieran derivar de la relaci\u00f3n con el Interesado y de cualquier otra exigencia legal.<\/p>\n<p><strong>COMUNICACI\u00d3N DE DATOS PERSONALES A TERCEROS<\/strong><\/p>\n<p style=\"font-weight: 100;\" align=\"justify\">Los terceros con quienes podemos compartir sus datos son:<\/p>\n<ul>\n<li>\n<p style=\"font-weight: 100;\" align=\"justify\">proveedores de servicios externos u otros contratistas, por ejemplo, para el alojamiento y tratamiento de datos, contabilidad, gesti\u00f3n de pagos, etc.;<\/p>\n<\/li>\n<li>\n<p style=\"font-weight: 100;\" align=\"justify\">otros terceros externos siempre que se haya informado debidamente al Interesado o si la transmisi\u00f3n se permite por causa de inter\u00e9s leg\u00edtimo;<\/p>\n<\/li>\n<li>\n<p style=\"font-weight: 100;\" align=\"justify\">organismos y autoridades p\u00fablicas si as\u00ed lo estipula la legislaci\u00f3n aplicable (por ejemplo, las autoridades fiscales y aduaneras).<\/p>\n<\/li>\n<\/ul>\n<p style=\"font-weight: 100;\" align=\"justify\">Asimismo, Onza puede transferir datos personales a otras sociedades de nuestro grupo de sociedades o concederles acceso a estos datos. En la medida en que esta revelaci\u00f3n sea para fines administrativos, la divulgaci\u00f3n de los datos se basa en nuestros intereses comerciales y econ\u00f3micos leg\u00edtimos u otros, si ello es necesario para cumplir nuestras obligaciones contractuales o si se dispone del consentimiento de los interesados u otra base legal. Onza solamente compartir\u00e1 sus datos personales con nuestros trabajadores y con el personal de otras sociedades del grupo Onza si es necesario a los efectos descritos anteriormente.<\/p>\n<p style=\"font-weight: 100;\" align=\"justify\">Onza tambi\u00e9n podr\u00e1 compartir sus datos si va a constituir una <em>joint-venture<\/em>, comprar, vender o fusionarse con otra sociedad. En tal caso, sus datos podr\u00e1n ser compartidos con la sociedad objetivo, con los nuevos socios comerciales o propietarios o asesores.<\/p>\n<p style=\"font-weight: 100;\" align=\"justify\">Onza no realizar\u00e1 transferencias internacionales de sus datos a pa\u00edses que no ofrecen garant\u00edas suficientes de seguridad. Los datos que Onza recaba sobre los Interesados s\u00f3lo ser\u00e1n almacenados y, en su caso, transmitidos dentro del Espacio Econ\u00f3mico Europeo.<\/p>\n<p><strong>DERECHOS DE LOS INTERESADOS<\/strong><\/p>\n<p style=\"font-weight: 100;\" align=\"justify\">El Interesado en todo momento puede retirar el consentimiento para el tratamiento de sus datos personales (cuando el tratamiento de datos est\u00e9 basado en el consentimiento), as\u00ed como ejercer, cuando procedan, los derechos de acceso, rectificaci\u00f3n, supresi\u00f3n, portabilidad de los datos, limitaci\u00f3n y oposici\u00f3n a su tratamiento y derecho a no ser objeto de decisiones automatizadas, mediante escrito, dirigido a Onza a la direcci\u00f3n de correo electr\u00f3nico <a href=\"mailto:info@onza.tv\"><span style=\"color: #339966;\"><strong>info@onza.tv<\/strong><\/span><\/a>. Es posible que, para responder al derecho ejercido, tengamos que solicitarle informaci\u00f3n adicional que lo identifique.<\/p>\n<p style=\"font-weight: 100;\" align=\"justify\"><a name=\"_Toc477506915\"><\/a><a name=\"_Toc477433890\"><\/a>Dispone de modelos, formularios y m\u00e1s informaci\u00f3n disponible en la p\u00e1gina web de la autoridad de control espa\u00f1ol, Agencia Espa\u00f1ola de Protecci\u00f3n de Datos (AEPD) <strong><span style=\"color: #339966;\"><a style=\"color: #339966;\" href=\"http:\/\/www.aepd.es\/\">www.aepd.es<\/a><\/span><\/strong>.<\/p>\n<p style=\"font-weight: 100;\" align=\"justify\">Asimismo, si un Interesado considera que sus datos no son tratados correctamente por Onza, puede presentar una reclamaci\u00f3n ante la autoridad de protecci\u00f3n de datos que corresponda, siendo la Agencia Espa\u00f1ola de Protecci\u00f3n de Datos (AEPD) la indicada en el territorio espa\u00f1ol (<strong><a href=\"http:\/\/www.aepd.es\/\"><span style=\"color: #339966;\">www.aepd.es<\/span><\/a><\/strong>).<\/p>\n<p><strong>SEGURIDAD DE LOS DATOS PERSONALES<\/strong><\/p>\n<p style=\"font-weight: 100;\" align=\"justify\">Con el objetivo de salvaguardar la seguridad de los datos personales, informamos de que Onza ha adoptado todas las medidas de \u00edndole t\u00e9cnica y organizativa necesarias para garantizar la seguridad de los datos personales suministrados. Todo ello para evitar su alteraci\u00f3n, p\u00e9rdida, y\/o tratamientos o accesos no autorizados, tal como exige la normativa, si bien la seguridad absoluta no existe.<\/p>\n<p style=\"font-weight: 100;\" align=\"justify\">Onza informa a los Interesados que sus datos personales ser\u00e1n tratados con el m\u00e1ximo celo y confidencialidad por todo el personal de Onza que intervenga en cualquiera de las fases del tratamiento.<\/p>\n<p><strong>ACTUALIZACI\u00d3N DE LOS DATOS PERSONALES<\/strong><\/p>\n<p style=\"font-weight: 100;\" align=\"justify\">Es importante que, para que podamos mantener sus datos personales actualizados, nos informe siempre que haya habido alguna modificaci\u00f3n en ellos. Consideramos que, si no cancela sus datos personales expresamente, contin\u00faa interesado en seguir incorporado a los mismos hasta que Onza lo considere oportuno y mientras sea adecuado a la finalidad por la que se obtuvieron.<\/p>\n<p style=\"font-weight: 100;\" align=\"justify\">Onza no se hace responsable de la pol\u00edtica de privacidad respecto de los datos personales que pueda facilitar a terceros por medio de los enlaces disponibles en el Sitio Web.<\/p>\n<p><strong>MODIFICACIONES DE LA POL\u00cdTICA DE PROTECCI\u00d3N DE DATOS<\/strong><\/p>\n<p style=\"font-weight: 100;\" align=\"justify\">Onza puede modificar la presente Pol\u00edtica de Privacidad para adaptarla a las modificaciones que se produzcan en el Sitio Web, por los cambios legislativos sobre datos personales que vayan apareciendo y afecten a dicha pol\u00edtica o con la finalidad de adaptar dicha pol\u00edtica a las instrucciones dictadas por la AEPD, por lo que exige su lectura, cada vez que nos facilite sus datos.<\/p>\n<p style=\"font-weight: 100;\" align=\"justify\">Cuando se produzcan cambios significativos en esta Pol\u00edtica de Privacidad se comunicar\u00e1n a los Interesados bien a trav\u00e9s del Sitio Web o a trav\u00e9s de correo electr\u00f3nico a los Interesados que hayan consentido el tratamiento de sus datos.<\/p>\n<p><strong>LEY APLICABLE Y JURISDICCI\u00d3N COMPETENTE<\/strong><\/p>\n<p style=\"font-weight: 100;\" align=\"justify\">La relaci\u00f3n entre el Interesado y Onza se regir\u00e1 por la legislaci\u00f3n espa\u00f1ola com\u00fan.<\/p>\n<p style=\"font-weight: 100;\" align=\"justify\">En el caso de que la normativa aplicable prevea la posibilidad de someterse a un fuero, Onza y el Interesado, con renuncia de su propio fuero o del que pudiera corresponderles, para la interpretaci\u00f3n y resoluci\u00f3n de los conflictos que pudieran surgir entre ellas como consecuencia de la presente Pol\u00edtica de Protecci\u00f3n de Datos, se someten a la jurisdicci\u00f3n de los Juzgados y Tribunales de Madrid capital.<\/p>","protected":false},"excerpt":{"rendered":"<p>AVISO LEGAL Este sitio web es propiedad de ONZA ENTERTAINMENT, S.L., sociedad espa\u00f1ola con n\u00famero de identificaci\u00f3n fiscal B-86731866 y domicilio en Calle Suero de Qui\u00f1ones, 38, 1\u00ba, 28002 Madrid (Espa\u00f1a), inscrita en el Registro Mercantil de Madrid al Tomo 31.016, Folio 152, Hoja n\u00famero M-558302 (en adelante, \u201cOnza\u201d). Puede contactar con Onza a trav\u00e9s [&hellip;]<\/p>\n","protected":false},"author":3,"featured_media":0,"parent":0,"menu_order":0,"comment_status":"closed","ping_status":"closed","template":"","meta":{"_monsterinsights_skip_tracking":false,"_monsterinsights_sitenote_active":false,"_monsterinsights_sitenote_note":"","_monsterinsights_sitenote_category":0,"footnotes":""},"class_list":["post-3095","page","type-page","status-publish","hentry"],"yoast_head":"<!-- This site is optimized with the Yoast SEO plugin v24.3 - https:\/\/yoast.com\/wordpress\/plugins\/seo\/ -->\n<title>Aviso legal - Onza<\/title>\n<meta name=\"robots\" content=\"index, follow, max-snippet:-1, max-image-preview:large, max-video-preview:-1\" \/>\n<link rel=\"canonical\" href=\"https:\/\/onza.tv\/en\/aviso-legal\/\" \/>\n<meta property=\"og:locale\" content=\"en_US\" \/>\n<meta property=\"og:type\" content=\"article\" \/>\n<meta property=\"og:title\" content=\"Aviso legal - Onza\" \/>\n<meta property=\"og:description\" content=\"AVISO LEGAL Este sitio web es propiedad de ONZA ENTERTAINMENT, S.L., sociedad espa\u00f1ola con n\u00famero de identificaci\u00f3n fiscal B-86731866 y domicilio en Calle Suero de Qui\u00f1ones, 38, 1\u00ba, 28002 Madrid (Espa\u00f1a), inscrita en el Registro Mercantil de Madrid al Tomo 31.016, Folio 152, Hoja n\u00famero M-558302 (en adelante, \u201cOnza\u201d). Puede contactar con Onza a trav\u00e9s [&hellip;]\" \/>\n<meta property=\"og:url\" content=\"https:\/\/onza.tv\/en\/aviso-legal\/\" \/>\n<meta property=\"og:site_name\" content=\"Onza\" \/>\n<meta property=\"article:modified_time\" content=\"2022-09-05T09:04:13+00:00\" \/>\n<meta name=\"twitter:card\" content=\"summary_large_image\" \/>\n<meta name=\"twitter:label1\" content=\"Est. reading time\" \/>\n\t<meta name=\"twitter:data1\" content=\"11 minutes\" \/>\n<script type=\"application\/ld+json\" class=\"yoast-schema-graph\">{\"@context\":\"https:\/\/schema.org\",\"@graph\":[{\"@type\":\"WebPage\",\"@id\":\"https:\/\/onza.tv\/aviso-legal\/\",\"url\":\"https:\/\/onza.tv\/aviso-legal\/\",\"name\":\"Aviso legal - Onza\",\"isPartOf\":{\"@id\":\"https:\/\/onza.tv\/#website\"},\"datePublished\":\"2022-06-27T16:23:16+00:00\",\"dateModified\":\"2022-09-05T09:04:13+00:00\",\"breadcrumb\":{\"@id\":\"https:\/\/onza.tv\/aviso-legal\/#breadcrumb\"},\"inLanguage\":\"en-US\",\"potentialAction\":[{\"@type\":\"ReadAction\",\"target\":[\"https:\/\/onza.tv\/aviso-legal\/\"]}]},{\"@type\":\"BreadcrumbList\",\"@id\":\"https:\/\/onza.tv\/aviso-legal\/#breadcrumb\",\"itemListElement\":[{\"@type\":\"ListItem\",\"position\":1,\"name\":\"Portada\",\"item\":\"https:\/\/onza.tv\/\"},{\"@type\":\"ListItem\",\"position\":2,\"name\":\"Aviso legal\"}]},{\"@type\":\"WebSite\",\"@id\":\"https:\/\/onza.tv\/#website\",\"url\":\"https:\/\/onza.tv\/\",\"name\":\"Onza\",\"description\":\"Productora y distribuidora de ficci\u00f3n y entretenimiento.\",\"potentialAction\":[{\"@type\":\"SearchAction\",\"target\":{\"@type\":\"EntryPoint\",\"urlTemplate\":\"https:\/\/onza.tv\/?s={search_term_string}\"},\"query-input\":{\"@type\":\"PropertyValueSpecification\",\"valueRequired\":true,\"valueName\":\"search_term_string\"}}],\"inLanguage\":\"en-US\"}]}<\/script>\n<!-- \/ Yoast SEO plugin. -->","yoast_head_json":{"title":"Aviso legal - Onza","robots":{"index":"index","follow":"follow","max-snippet":"max-snippet:-1","max-image-preview":"max-image-preview:large","max-video-preview":"max-video-preview:-1"},"canonical":"https:\/\/onza.tv\/en\/aviso-legal\/","og_locale":"en_US","og_type":"article","og_title":"Aviso legal - Onza","og_description":"AVISO LEGAL Este sitio web es propiedad de ONZA ENTERTAINMENT, S.L., sociedad espa\u00f1ola con n\u00famero de identificaci\u00f3n fiscal B-86731866 y domicilio en Calle Suero de Qui\u00f1ones, 38, 1\u00ba, 28002 Madrid (Espa\u00f1a), inscrita en el Registro Mercantil de Madrid al Tomo 31.016, Folio 152, Hoja n\u00famero M-558302 (en adelante, \u201cOnza\u201d). Puede contactar con Onza a trav\u00e9s [&hellip;]","og_url":"https:\/\/onza.tv\/en\/aviso-legal\/","og_site_name":"Onza","article_modified_time":"2022-09-05T09:04:13+00:00","twitter_card":"summary_large_image","twitter_misc":{"Est. reading time":"11 minutes"},"schema":{"@context":"https:\/\/schema.org","@graph":[{"@type":"WebPage","@id":"https:\/\/onza.tv\/aviso-legal\/","url":"https:\/\/onza.tv\/aviso-legal\/","name":"Aviso legal - Onza","isPartOf":{"@id":"https:\/\/onza.tv\/#website"},"datePublished":"2022-06-27T16:23:16+00:00","dateModified":"2022-09-05T09:04:13+00:00","breadcrumb":{"@id":"https:\/\/onza.tv\/aviso-legal\/#breadcrumb"},"inLanguage":"en-US","potentialAction":[{"@type":"ReadAction","target":["https:\/\/onza.tv\/aviso-legal\/"]}]},{"@type":"BreadcrumbList","@id":"https:\/\/onza.tv\/aviso-legal\/#breadcrumb","itemListElement":[{"@type":"ListItem","position":1,"name":"Portada","item":"https:\/\/onza.tv\/"},{"@type":"ListItem","position":2,"name":"Aviso legal"}]},{"@type":"WebSite","@id":"https:\/\/onza.tv\/#website","url":"https:\/\/onza.tv\/","name":"Onza","description":"Productora y distribuidora de ficci\u00f3n y entretenimiento.","potentialAction":[{"@type":"SearchAction","target":{"@type":"EntryPoint","urlTemplate":"https:\/\/onza.tv\/?s={search_term_string}"},"query-input":{"@type":"PropertyValueSpecification","valueRequired":true,"valueName":"search_term_string"}}],"inLanguage":"en-US"}]}},"_links":{"self":[{"href":"https:\/\/onza.tv\/en\/wp-json\/wp\/v2\/pages\/3095"}],"collection":[{"href":"https:\/\/onza.tv\/en\/wp-json\/wp\/v2\/pages"}],"about":[{"href":"https:\/\/onza.tv\/en\/wp-json\/wp\/v2\/types\/page"}],"author":[{"embeddable":true,"href":"https:\/\/onza.tv\/en\/wp-json\/wp\/v2\/users\/3"}],"replies":[{"embeddable":true,"href":"https:\/\/onza.tv\/en\/wp-json\/wp\/v2\/comments?post=3095"}],"version-history":[{"count":61,"href":"https:\/\/onza.tv\/en\/wp-json\/wp\/v2\/pages\/3095\/revisions"}],"predecessor-version":[{"id":3233,"href":"https:\/\/onza.tv\/en\/wp-json\/wp\/v2\/pages\/3095\/revisions\/3233"}],"wp:attachment":[{"href":"https:\/\/onza.tv\/en\/wp-json\/wp\/v2\/media?parent=3095"}],"curies":[{"name":"wp","href":"https:\/\/api.w.org\/{rel}","templated":true}]}}