{"id":3155,"date":"2022-06-27T18:59:22","date_gmt":"2022-06-27T16:59:22","guid":{"rendered":"https:\/\/onza.tv\/?page_id=3155"},"modified":"2022-09-05T11:10:38","modified_gmt":"2022-09-05T09:10:38","slug":"politica-de-cookies","status":"publish","type":"page","link":"https:\/\/onza.tv\/en\/politica-de-cookies\/","title":{"rendered":"Pol\u00edtica de Cookies"},"content":{"rendered":"<h2><strong>POL\u00cdTICA DE COOKIES<\/strong><\/h2>\n<p><strong>Versi\u00f3n de 17 de mayo de 2022<\/strong><\/p>\n<p style=\"font-weight: 100;\" align=\"justify\">ONZA ENTERTAINMENT, S.L. (en adelante, \u201c<strong>ONZA<\/strong> o \u201c<strong>nosotros<\/strong>\u201d) tiene como objetivo respetar la privacidad de sus usuarios y proteger los datos de car\u00e1cter personal que estos puedan facilitar a ONZA y\/o que las cookies puedan obtener.<\/p>\n<p style=\"font-weight: 100;\" align=\"justify\">En el presente documento se encuentra toda la informaci\u00f3n sobre las cookies que utilizamos. Como muestra de compromiso con la normativa de protecci\u00f3n de datos, ponemos a disposici\u00f3n del usuario, de manera permanente, la informaci\u00f3n relativa a nuestra pol\u00edtica de\u00a0cookies.<\/p>\n<p style=\"font-weight: 100; padding-left: 40px;\" align=\"justify\">DENOMINACI\u00d3N SOCIAL: ONZA ENTERTAINMENT, S.L.<\/p>\n<p style=\"font-weight: 100; padding-left: 40px;\" align=\"justify\">DOMICILIO SOCIAL: calle Suero de Qui\u00f1ones, 38 1\u00ba, 28002 \u2013 Madrid.<\/p>\n<p style=\"font-weight: 100; padding-left: 40px;\" align=\"justify\">NIF: B86731866<\/p>\n<p style=\"font-weight: 100; padding-left: 40px;\" align=\"justify\">DATOS DE INSCRIPCI\u00d3N: inscrita en el registro mercantil de Madrid, al tomo 31.016, folio 152, hoja M-558302<\/p>\n<p><strong>\u00bfQU\u00c9 SON LAS COOKIES?<\/strong><\/p>\n<p style=\"font-weight: 100;\" align=\"justify\">Una cookie es un fichero que se descarga en su ordenador al acceder a determinadas p\u00e1ginas web. Las cookies permiten a una p\u00e1gina web, entre otras cosas, almacenar y recuperar informaci\u00f3n sobre los h\u00e1bitos de navegaci\u00f3n de un usuario o de su equipo y, dependiendo de la informaci\u00f3n que contengan y de la forma en que utilice su equipo, pueden utilizarse para reconocer al usuario. Las cookies se asocian \u00fanicamente a un usuario an\u00f3nimo y su ordenador o dispositivo, y no proporcionan referencias que permitan conocer sus datos personales.<\/p>\n<p><strong>\u00bfQU\u00c9 TIPOS DE COOKIES EXISTEN?<\/strong><\/p>\n<p><strong>Seg\u00fan su finalidad:\u00a0<\/strong><\/p>\n<p style=\"font-weight: 100;\" align=\"justify\"><strong>De an\u00e1lisis:<\/strong>\u00a0son aquellas que, bien tratadas por nosotros o por terceros, nos permiten cuantificar el n\u00famero de usuarios y as\u00ed realizar la medici\u00f3n y an\u00e1lisis estad\u00edstico de la utilizaci\u00f3n que hacen los usuarios del servicio ofertado. Para ello, se analiza su navegaci\u00f3n en nuestra p\u00e1gina web con el fin de mejorar la oferta de productos o servicios que le ofrecemos.<\/p>\n<p style=\"font-weight: 100;\" align=\"justify\"><strong>Publicitarias comportamentales<\/strong>: son aquellas que almacenan informaci\u00f3n del comportamiento de los usuarios obtenida a trav\u00e9s de la observaci\u00f3n continuada de sus h\u00e1bitos de navegaci\u00f3n, lo que permite desarrollar un perfil espec\u00edfico para mostrar publicidad en funci\u00f3n del mismo.<\/p>\n<p style=\"font-weight: 100;\" align=\"justify\"><strong>T\u00e9cnicas:<\/strong>\u00a0Son aquellas necesarias para la navegaci\u00f3n y el buen funcionamiento de la p\u00e1gina web. Permiten, por ejemplo, controlar el tr\u00e1fico y la comunicaci\u00f3n de datos, acceder a partes de acceso restringido, utilizar elementos de seguridad, almacenar contenidos para poder difundir v\u00eddeos o compartir contenidos a trav\u00e9s de redes sociales.<\/p>\n<p style=\"font-weight: 100;\" align=\"justify\"><strong>Personalizaci\u00f3n:<\/strong>\u00a0Son aquellas que permiten acceder al servicio con unas caracter\u00edsticas predefinidas en funci\u00f3n de una serie de criterios, como por ejemplo el idioma, el tipo de navegador a trav\u00e9s del cual se accede al servicio, la configuraci\u00f3n regional desde donde se accede al servicio, etc.<\/p>\n<p><strong>Seg\u00fan el plazo de tiempo en que permanezcan activas:\u00a0<\/strong><\/p>\n<p style=\"font-weight: 100;\" align=\"justify\"><strong>Cookies de sesi\u00f3n:<\/strong>\u00a0Son cookies temporales que permanecen en el archivo de cookies del navegador hasta que se abandona la p\u00e1gina web, por lo que ninguna queda registrada en la memoria del dispositivo. La informaci\u00f3n obtenida por medio de estas cookies sirve para analizar pautas de tr\u00e1fico en la web. A la larga, permite proporcionar una mejor experiencia para mejorar el contenido y facilitar su uso. Podr\u00e1 identificar las cookies de sesi\u00f3n en la tabla recogida en la presente pol\u00edtica, bajo el t\u00edtulo \u201cAl finalizar la sesi\u00f3n de navegaci\u00f3n\u201d.<\/p>\n<p style=\"font-weight: 100;\" align=\"justify\"><strong>Cookies persistentes:<\/strong>\u00a0Son almacenadas en el dispositivo y la p\u00e1gina web las lee cada vez que se realiza una nueva visita. Una cookie persistente posee una fecha de expiraci\u00f3n determinada, pudiendo variar seg\u00fan la funcionalidad para la que haya sido asignada. La cookie dejara\u0301\u00a0de funcionar despu\u00e9s de esa fecha. Podr\u00e1 ver la informaci\u00f3n relativa a la duraci\u00f3n de las cookies persistentes en la tabla recogida en la presente pol\u00edtica.<\/p>\n<p><strong>Seg\u00fan qui\u00e9n las gestiona:\u00a0<\/strong><\/p>\n<p style=\"font-weight: 100;\" align=\"justify\"><strong>Cookies propias:<\/strong>\u00a0Son aquellas cookies que se almacenan en el dispositivo del usuario por nuestros equipos o dominios y desde el cual se presta el servicio oportuno de la p\u00e1gina web.<\/p>\n<p style=\"font-weight: 100;\" align=\"justify\"><strong>Cookies de terceros:<\/strong>\u00a0Son aquellas cookies que se almacenan en los dispositivos del usuario y que no son gestionados por la compa\u00f1\u00eda, sino por un tercero colaborador. A modo de ejemplo, son aquellas cookies utilizadas por redes sociales o visionados de video.<\/p>\n<p><strong>\u00bfQU\u00c9 TIPOS DE COOKIES SE UTILIZAN EN ESTA P\u00c1GINA WEB?<\/strong><\/p>\n<p style=\"font-weight: 100;\" align=\"justify\">Las cookies utilizadas en nuestro sitio web tanto propias como de terceros -se identifican en el cuadro indicado m\u00e1s abajo-, y nos permiten almacenar y acceder a la informaci\u00f3n relativa al idioma, el tipo de navegador utilizado y otras caracter\u00edsticas generales predefinidas por el usuario, as\u00ed como, seguir y analizar la actividad que este lleva a cabo, con el objeto de introducir mejoras y prestar nuestros servicios de una manera m\u00e1s eficiente y personalizada.<\/p>\n<table style=\"height: 1238px;\" width=\"1186\">\n<tbody>\n<tr>\n<td width=\"169\"><strong>Nombre<\/strong><\/td>\n<td width=\"85\"><strong>Tipo<\/strong><\/td>\n<td width=\"94\"><strong>Caducidad<\/strong><\/td>\n<td width=\"246\"><strong>Finalidad<\/strong><\/td>\n<\/tr>\n<tr>\n<td width=\"169\">\n<p style=\"font-weight: 100;\">CONSENT<\/p>\n<\/td>\n<td width=\"85\">\n<p style=\"font-weight: 100;\">Terceros<\/p>\n<\/td>\n<td width=\"94\">\n<p style=\"font-weight: 100;\">2 a\u00f1os<\/p>\n<\/td>\n<td width=\"246\">\n<p style=\"font-weight: 100;\">An\u00e1lisis<\/p>\n<\/td>\n<\/tr>\n<tr>\n<td width=\"169\">\n<p style=\"font-weight: 100;\">cookielawinfo-checkbox-advertisement<\/p>\n<\/td>\n<td width=\"85\">\n<p style=\"font-weight: 100;\">Terceros<\/p>\n<\/td>\n<td width=\"94\">\n<p style=\"font-weight: 100;\">1 a\u00f1o<\/p>\n<\/td>\n<td width=\"246\">\n<p style=\"font-weight: 100;\">T\u00e9cnica<\/p>\n<\/td>\n<\/tr>\n<tr>\n<td width=\"169\">\n<p style=\"font-weight: 100;\">cookielawinfo-checkbox-analytics<\/p>\n<\/td>\n<td width=\"85\">\n<p style=\"font-weight: 100;\">Terceros<\/p>\n<\/td>\n<td width=\"94\">\n<p style=\"font-weight: 100;\">11 meses<\/p>\n<\/td>\n<td width=\"246\">\n<p style=\"font-weight: 100;\">T\u00e9cnica<\/p>\n<\/td>\n<\/tr>\n<tr>\n<td width=\"169\">\n<p style=\"font-weight: 100;\">cookielawinfo-checkbox-functional<\/p>\n<\/td>\n<td width=\"85\">\n<p style=\"font-weight: 100;\">Terceros<\/p>\n<\/td>\n<td width=\"94\">\n<p style=\"font-weight: 100;\">11 meses<\/p>\n<\/td>\n<td width=\"246\">\n<p style=\"font-weight: 100;\">T\u00e9cnica<\/p>\n<\/td>\n<\/tr>\n<tr>\n<td width=\"169\">\n<p style=\"font-weight: 100;\">cookielawinfo-checkbox-necessary<\/p>\n<\/td>\n<td width=\"85\">\n<p style=\"font-weight: 100;\">Terceros<\/p>\n<\/td>\n<td width=\"94\">\n<p style=\"font-weight: 100;\">11 meses<\/p>\n<\/td>\n<td width=\"246\">\n<p style=\"font-weight: 100;\">T\u00e9cnica<\/p>\n<\/td>\n<\/tr>\n<tr>\n<td width=\"169\">\n<p style=\"font-weight: 100;\">cookielawinfo-checkbox-others<\/p>\n<\/td>\n<td width=\"85\">\n<p style=\"font-weight: 100;\">Terceros<\/p>\n<\/td>\n<td width=\"94\">\n<p style=\"font-weight: 100;\">11 meses<\/p>\n<\/td>\n<td width=\"246\">\n<p style=\"font-weight: 100;\">T\u00e9cnica<\/p>\n<\/td>\n<\/tr>\n<tr>\n<td width=\"169\">\n<p style=\"font-weight: 100;\">cookielawinfo-checkbox-performance<\/p>\n<\/td>\n<td width=\"85\">\n<p style=\"font-weight: 100;\">Terceros<\/p>\n<\/td>\n<td width=\"94\">\n<p style=\"font-weight: 100;\">11 meses<\/p>\n<\/td>\n<td width=\"246\">\n<p style=\"font-weight: 100;\">T\u00e9cnica<\/p>\n<\/td>\n<\/tr>\n<tr>\n<td width=\"169\">\n<p style=\"font-weight: 100;\">CookieLawInfoConsent<\/p>\n<\/td>\n<td width=\"85\">\n<p style=\"font-weight: 100;\">Terceros<\/p>\n<\/td>\n<td width=\"94\">\n<p style=\"font-weight: 100;\">1 a\u00f1o<\/p>\n<\/td>\n<td width=\"246\">\n<p style=\"font-weight: 100;\">T\u00e9cnica<\/p>\n<\/td>\n<\/tr>\n<tr>\n<td width=\"169\">\n<p style=\"font-weight: 100;\">viewed_cookie_policy<\/p>\n<\/td>\n<td width=\"85\">\n<p style=\"font-weight: 100;\">Terceros<\/p>\n<\/td>\n<td width=\"94\">\n<p style=\"font-weight: 100;\">11 meses<\/p>\n<\/td>\n<td width=\"246\">\n<p style=\"font-weight: 100;\">T\u00e9cnica<\/p>\n<\/td>\n<\/tr>\n<tr>\n<td width=\"169\">\n<p style=\"font-weight: 100;\">VISITOR_INFO1_LIVE<\/p>\n<\/td>\n<td width=\"85\">\n<p style=\"font-weight: 100;\">Terceros<\/p>\n<\/td>\n<td width=\"94\">\n<p style=\"font-weight: 100;\">5 meses y 27 d\u00edas<\/p>\n<\/td>\n<td width=\"246\">\n<p style=\"font-weight: 100;\">Publicitaria comportamental<\/p>\n<\/td>\n<\/tr>\n<tr>\n<td width=\"169\">\n<p style=\"font-weight: 100;\">vuid<\/p>\n<\/td>\n<td width=\"85\">\n<p style=\"font-weight: 100;\">Terceros<\/p>\n<\/td>\n<td width=\"94\">\n<p style=\"font-weight: 100;\">2 a\u00f1os<\/p>\n<\/td>\n<td width=\"246\">\n<p style=\"font-weight: 100;\">An\u00e1lisis<\/p>\n<\/td>\n<\/tr>\n<tr>\n<td width=\"169\">\n<p style=\"font-weight: 100;\">YSC<\/p>\n<\/td>\n<td width=\"85\">\n<p style=\"font-weight: 100;\">Terceros<\/p>\n<\/td>\n<td width=\"94\">\n<p style=\"font-weight: 100;\">Sesi\u00f3n<\/p>\n<\/td>\n<td width=\"246\">\n<p style=\"font-weight: 100;\">Publicitaria comportamental<\/p>\n<\/td>\n<\/tr>\n<tr>\n<td width=\"169\">\n<p style=\"font-weight: 100;\">yt-remote-connected-devices<\/p>\n<\/td>\n<td width=\"85\">\n<p style=\"font-weight: 100;\">Terceros<\/p>\n<\/td>\n<td width=\"94\">\n<p style=\"font-weight: 100;\">Nunca<\/p>\n<\/td>\n<td width=\"246\">\n<p style=\"font-weight: 100;\">Publicitaria comportamental<\/p>\n<\/td>\n<\/tr>\n<tr>\n<td width=\"169\">\n<p style=\"font-weight: 100;\">yt-remote-device-id<\/p>\n<\/td>\n<td width=\"85\">\n<p style=\"font-weight: 100;\">Terceros<\/p>\n<\/td>\n<td width=\"94\">\n<p style=\"font-weight: 100;\">Nunca<\/p>\n<\/td>\n<td width=\"246\">\n<p style=\"font-weight: 100;\">Publicitaria comportamental<\/p>\n<\/td>\n<\/tr>\n<tr>\n<td width=\"169\">\n<p style=\"font-weight: 100;\">yt.innertube::nextId<\/p>\n<\/td>\n<td width=\"85\">\n<p style=\"font-weight: 100;\">Terceros<\/p>\n<\/td>\n<td width=\"94\">\n<p style=\"font-weight: 100;\">Nunca<\/p>\n<\/td>\n<td width=\"246\">\n<p style=\"font-weight: 100;\">Publicitaria comportamental<\/p>\n<\/td>\n<\/tr>\n<tr>\n<td width=\"169\">\n<p style=\"font-weight: 100;\">yt.innertube::requests<\/p>\n<\/td>\n<td width=\"85\">\n<p style=\"font-weight: 100;\">Terceros<\/p>\n<\/td>\n<td width=\"94\">\n<p style=\"font-weight: 100;\">Nunca<\/p>\n<\/td>\n<td width=\"246\">\n<p style=\"font-weight: 100;\">Publicitaria comportamental<\/p>\n<\/td>\n<\/tr>\n<tr>\n<td width=\"169\">\n<p style=\"font-weight: 100;\">__cf_bm<\/p>\n<\/td>\n<td width=\"85\">\n<p style=\"font-weight: 100;\">Terceros<\/p>\n<\/td>\n<td width=\"94\">\n<p style=\"font-weight: 100;\">30 minutos<\/p>\n<\/td>\n<td width=\"246\">\n<p style=\"font-weight: 100;\">T\u00e9cnica<\/p>\n<\/td>\n<\/tr>\n<\/tbody>\n<\/table>\n<p><strong>\u00bfEXISTEN TRANSFERENCIAS INTERNACIONALES DE DATOS?<\/strong><\/p>\n<p style=\"font-weight: 100;\" align=\"justify\">ONZA no realizar\u00e1 transferencias internacionales de sus datos a pa\u00edses que no ofrecen garant\u00edas suficientes de seguridad. Los datos que ONZA recaba sobre usted solo ser\u00e1n almacenados y, en su caso, transmitidos dentro del Espacio Econ\u00f3mico Europeo.<\/p>\n<p style=\"font-weight: 100;\" align=\"justify\">En relaci\u00f3n con las cookies de terceros, el usuario puede informarse de las transferencias a terceros pa\u00edses que, en su caso, realizan los terceros identificados en esta pol\u00edtica de cookies en sus correspondientes pol\u00edticas.<\/p>\n<p><strong>\u00bfC\u00d3MO DESACTIVAR Y ELIMINAR LAS COOKIES?<\/strong><\/p>\n<p style=\"font-weight: 100;\" align=\"justify\">Al acceder a nuestra\u00a0p\u00e1gina web, el usuario ver\u00e1 un aviso de cookies en el que se le informar\u00e1 de la forma en la que puede consentir o rechazar la instalaci\u00f3n de las mismas.<\/p>\n<p style=\"font-weight: 100;\" align=\"justify\">Asimismo, el usuario, en todo momento, podr\u00e1 deshabilitar o eliminar las cookies utilizadas en la presente\u00a0p\u00e1gina web\u00a0a trav\u00e9s de la configuraci\u00f3n del navegador que utilice en su dispositivo.<\/p>\n<p style=\"font-weight: 100;\" align=\"justify\">A continuaci\u00f3n, le proporcionamos informaci\u00f3n acerca de c\u00f3mo activar y desactivar las cookies en los principales navegadores web:<\/p>\n<p style=\"font-weight: 100;\" align=\"justify\"><strong>Google Chrome: <span style=\"color: #339966;\"><a style=\"color: #339966;\" href=\"https:\/\/support.google.com\/chrome\/answer\/95647?hl=es\">Configuraci\u00f3n de cookies para Google Chrome<\/a><\/span><\/strong><\/p>\n<p style=\"font-weight: 100;\" align=\"justify\"><strong>Google Android: <span style=\"color: #339966;\"><a style=\"color: #339966;\" href=\"https:\/\/support.google.com\/accounts\/answer\/61416?co=GENIE.Platform=Android&amp;hl=es\">Configuraci\u00f3n de cookies para Google Android<\/a><\/span><\/strong><\/p>\n<p style=\"font-weight: 100;\" align=\"justify\"><strong>Mozilla Firefox: <span style=\"color: #339966;\"><a style=\"color: #339966;\" href=\"https:\/\/support.mozilla.org\/es\/kb\/cookies-informacion-que-los-sitios-web-guardan-en-?redirectlocale=en-US&amp;redirectslug=Cookies\">Configuraci\u00f3n de cookies para Mozilla Firefox<\/a><\/span><\/strong><\/p>\n<p style=\"font-weight: 100;\" align=\"justify\"><strong>Safari, iPad e iPhone: <span style=\"color: #339966;\"><a style=\"color: #339966;\" href=\"https:\/\/support.apple.com\/es-es\/HT201265\">Configuraci\u00f3n de cookies para Safari<\/a><\/span><\/strong><\/p>\n<p style=\"font-weight: 100;\" align=\"justify\"><strong>Microsoft Edge: <span style=\"color: #339966;\"><a style=\"color: #339966;\" href=\"https:\/\/support.microsoft.com\/es-es\/help\/4468242\/microsoft-edge-browsing-data-and-privacy#:~:text=Para%20borrar%20la%20informaci%C3%B3n%20de,lo%20que%20se%20debe%20borrar.\">Configuraci\u00f3n de cookies para Microsoft Edge<\/a><\/span><\/strong><\/p>\n<p style=\"font-weight: 100;\" align=\"justify\"><strong>Opera: <span style=\"color: #339966;\"><a style=\"color: #339966;\" href=\"https:\/\/help.opera.com\/en\/latest\/web-preferences\/#cookies\">Web preferences &#8211; Opera Help<\/a><\/span><\/strong><\/p>\n<p style=\"font-weight: 100;\" align=\"justify\">El usuario debe tener en cuenta que algunas de las caracter\u00edsticas de los contenidos de la p\u00e1gina web solo est\u00e1n disponibles si se permite la instalaci\u00f3n de cookies, por lo que la ausencia de estas, dependiendo de su finalidad, podr\u00eda provocar\u00a0que algunas de las caracter\u00edsticas de la p\u00e1gina web no funcionen o puedan resultar m\u00e1s complicadas o lentas de acceder.<\/p>\n<p><strong>CAMBIOS EN LA POL\u00cdTICA DE COOKIES<\/strong><\/p>\n<p style=\"font-weight: 100;\" align=\"justify\">La presente pol\u00edtica de cookies podr\u00e1 ser actualizada en cualquier momento en base a las necesidades propias de la p\u00e1gina web y futuros cambios legislativos, reglamentarios, o con la finalidad de adaptar dicha pol\u00edtica a las instrucciones dictadas por la Agencia Espa\u00f1ola de Protecci\u00f3n de Datos.<\/p>\n<p style=\"font-weight: 100;\" align=\"justify\">En caso de realizarse dicha modificaci\u00f3n, ONZA informar\u00e1 al usuario de los cambios en cuesti\u00f3n si son significativos para su privacidad, bien mediante este sitio web o a trav\u00e9s de correo electr\u00f3nico, de manera que se puedan revisar los cambios introducidos, a fin de valorar el otorgamiento oportuno. En cualquier caso, si se requiere el consentimiento para la gesti\u00f3n de la cookie, se solicitar\u00e1 el consentimiento al usuario seg\u00fan las previsiones de la normativa relativa a protecci\u00f3n de datos vigente en cada momento.<\/p>\n<p>&nbsp;<\/p>","protected":false},"excerpt":{"rendered":"<p>POL\u00cdTICA DE COOKIES Versi\u00f3n de 17 de mayo de 2022 ONZA ENTERTAINMENT, S.L. (en adelante, \u201cONZA o \u201cnosotros\u201d) tiene como objetivo respetar la privacidad de sus usuarios y proteger los datos de car\u00e1cter personal que estos puedan facilitar a ONZA y\/o que las cookies puedan obtener. En el presente documento se encuentra toda la informaci\u00f3n [&hellip;]<\/p>\n","protected":false},"author":3,"featured_media":0,"parent":0,"menu_order":0,"comment_status":"closed","ping_status":"closed","template":"","meta":{"_monsterinsights_skip_tracking":false,"_monsterinsights_sitenote_active":false,"_monsterinsights_sitenote_note":"","_monsterinsights_sitenote_category":0,"footnotes":""},"class_list":["post-3155","page","type-page","status-publish","hentry"],"yoast_head":"<!-- This site is optimized with the Yoast SEO plugin v24.3 - https:\/\/yoast.com\/wordpress\/plugins\/seo\/ -->\n<title>Pol\u00edtica de Cookies - Onza<\/title>\n<meta name=\"robots\" content=\"index, follow, max-snippet:-1, max-image-preview:large, max-video-preview:-1\" \/>\n<link rel=\"canonical\" href=\"https:\/\/onza.tv\/en\/politica-de-cookies\/\" \/>\n<meta property=\"og:locale\" content=\"en_US\" \/>\n<meta property=\"og:type\" content=\"article\" \/>\n<meta property=\"og:title\" content=\"Pol\u00edtica de Cookies - Onza\" \/>\n<meta property=\"og:description\" content=\"POL\u00cdTICA DE COOKIES Versi\u00f3n de 17 de mayo de 2022 ONZA ENTERTAINMENT, S.L. (en adelante, \u201cONZA o \u201cnosotros\u201d) tiene como objetivo respetar la privacidad de sus usuarios y proteger los datos de car\u00e1cter personal que estos puedan facilitar a ONZA y\/o que las cookies puedan obtener. En el presente documento se encuentra toda la informaci\u00f3n [&hellip;]\" \/>\n<meta property=\"og:url\" content=\"https:\/\/onza.tv\/en\/politica-de-cookies\/\" \/>\n<meta property=\"og:site_name\" content=\"Onza\" \/>\n<meta property=\"article:modified_time\" content=\"2022-09-05T09:10:38+00:00\" \/>\n<meta name=\"twitter:card\" content=\"summary_large_image\" \/>\n<meta name=\"twitter:label1\" content=\"Est. reading time\" \/>\n\t<meta name=\"twitter:data1\" content=\"7 minutes\" \/>\n<script type=\"application\/ld+json\" class=\"yoast-schema-graph\">{\"@context\":\"https:\/\/schema.org\",\"@graph\":[{\"@type\":\"WebPage\",\"@id\":\"https:\/\/onza.tv\/politica-de-cookies\/\",\"url\":\"https:\/\/onza.tv\/politica-de-cookies\/\",\"name\":\"Pol\u00edtica de Cookies - Onza\",\"isPartOf\":{\"@id\":\"https:\/\/onza.tv\/#website\"},\"datePublished\":\"2022-06-27T16:59:22+00:00\",\"dateModified\":\"2022-09-05T09:10:38+00:00\",\"breadcrumb\":{\"@id\":\"https:\/\/onza.tv\/politica-de-cookies\/#breadcrumb\"},\"inLanguage\":\"en-US\",\"potentialAction\":[{\"@type\":\"ReadAction\",\"target\":[\"https:\/\/onza.tv\/politica-de-cookies\/\"]}]},{\"@type\":\"BreadcrumbList\",\"@id\":\"https:\/\/onza.tv\/politica-de-cookies\/#breadcrumb\",\"itemListElement\":[{\"@type\":\"ListItem\",\"position\":1,\"name\":\"Portada\",\"item\":\"https:\/\/onza.tv\/\"},{\"@type\":\"ListItem\",\"position\":2,\"name\":\"Pol\u00edtica de Cookies\"}]},{\"@type\":\"WebSite\",\"@id\":\"https:\/\/onza.tv\/#website\",\"url\":\"https:\/\/onza.tv\/\",\"name\":\"Onza\",\"description\":\"Productora y distribuidora de ficci\u00f3n y entretenimiento.\",\"potentialAction\":[{\"@type\":\"SearchAction\",\"target\":{\"@type\":\"EntryPoint\",\"urlTemplate\":\"https:\/\/onza.tv\/?s={search_term_string}\"},\"query-input\":{\"@type\":\"PropertyValueSpecification\",\"valueRequired\":true,\"valueName\":\"search_term_string\"}}],\"inLanguage\":\"en-US\"}]}<\/script>\n<!-- \/ Yoast SEO plugin. -->","yoast_head_json":{"title":"Pol\u00edtica de Cookies - Onza","robots":{"index":"index","follow":"follow","max-snippet":"max-snippet:-1","max-image-preview":"max-image-preview:large","max-video-preview":"max-video-preview:-1"},"canonical":"https:\/\/onza.tv\/en\/politica-de-cookies\/","og_locale":"en_US","og_type":"article","og_title":"Pol\u00edtica de Cookies - Onza","og_description":"POL\u00cdTICA DE COOKIES Versi\u00f3n de 17 de mayo de 2022 ONZA ENTERTAINMENT, S.L. (en adelante, \u201cONZA o \u201cnosotros\u201d) tiene como objetivo respetar la privacidad de sus usuarios y proteger los datos de car\u00e1cter personal que estos puedan facilitar a ONZA y\/o que las cookies puedan obtener. En el presente documento se encuentra toda la informaci\u00f3n [&hellip;]","og_url":"https:\/\/onza.tv\/en\/politica-de-cookies\/","og_site_name":"Onza","article_modified_time":"2022-09-05T09:10:38+00:00","twitter_card":"summary_large_image","twitter_misc":{"Est. reading time":"7 minutes"},"schema":{"@context":"https:\/\/schema.org","@graph":[{"@type":"WebPage","@id":"https:\/\/onza.tv\/politica-de-cookies\/","url":"https:\/\/onza.tv\/politica-de-cookies\/","name":"Pol\u00edtica de Cookies - Onza","isPartOf":{"@id":"https:\/\/onza.tv\/#website"},"datePublished":"2022-06-27T16:59:22+00:00","dateModified":"2022-09-05T09:10:38+00:00","breadcrumb":{"@id":"https:\/\/onza.tv\/politica-de-cookies\/#breadcrumb"},"inLanguage":"en-US","potentialAction":[{"@type":"ReadAction","target":["https:\/\/onza.tv\/politica-de-cookies\/"]}]},{"@type":"BreadcrumbList","@id":"https:\/\/onza.tv\/politica-de-cookies\/#breadcrumb","itemListElement":[{"@type":"ListItem","position":1,"name":"Portada","item":"https:\/\/onza.tv\/"},{"@type":"ListItem","position":2,"name":"Pol\u00edtica de Cookies"}]},{"@type":"WebSite","@id":"https:\/\/onza.tv\/#website","url":"https:\/\/onza.tv\/","name":"Onza","description":"Productora y distribuidora de ficci\u00f3n y entretenimiento.","potentialAction":[{"@type":"SearchAction","target":{"@type":"EntryPoint","urlTemplate":"https:\/\/onza.tv\/?s={search_term_string}"},"query-input":{"@type":"PropertyValueSpecification","valueRequired":true,"valueName":"search_term_string"}}],"inLanguage":"en-US"}]}},"_links":{"self":[{"href":"https:\/\/onza.tv\/en\/wp-json\/wp\/v2\/pages\/3155"}],"collection":[{"href":"https:\/\/onza.tv\/en\/wp-json\/wp\/v2\/pages"}],"about":[{"href":"https:\/\/onza.tv\/en\/wp-json\/wp\/v2\/types\/page"}],"author":[{"embeddable":true,"href":"https:\/\/onza.tv\/en\/wp-json\/wp\/v2\/users\/3"}],"replies":[{"embeddable":true,"href":"https:\/\/onza.tv\/en\/wp-json\/wp\/v2\/comments?post=3155"}],"version-history":[{"count":19,"href":"https:\/\/onza.tv\/en\/wp-json\/wp\/v2\/pages\/3155\/revisions"}],"predecessor-version":[{"id":3234,"href":"https:\/\/onza.tv\/en\/wp-json\/wp\/v2\/pages\/3155\/revisions\/3234"}],"wp:attachment":[{"href":"https:\/\/onza.tv\/en\/wp-json\/wp\/v2\/media?parent=3155"}],"curies":[{"name":"wp","href":"https:\/\/api.w.org\/{rel}","templated":true}]}}